{"id":3195,"date":"2023-03-13T14:31:15","date_gmt":"2023-03-13T14:31:15","guid":{"rendered":"https:\/\/circulars.iclei.org\/?page_id=3195"},"modified":"2026-03-06T09:47:08","modified_gmt":"2026-03-06T09:47:08","slug":"local-and-subnational-governments-coalition-to-end-plastic-pollution","status":"publish","type":"page","link":"https:\/\/circulars.iclei.org\/es\/our-work\/local-and-subnational-governments-coalition-to-end-plastic-pollution\/","title":{"rendered":"Coalici\u00f3n de Gobiernos Locales y Subnacionales para Acabar con la Contaminaci\u00f3n por Pl\u00e1sticos"},"content":{"rendered":"","protected":false},"excerpt":{"rendered":"","protected":false},"author":16,"featured_media":0,"parent":1205,"menu_order":0,"comment_status":"closed","ping_status":"closed","template":"pages\/template-universal.php","meta":[],"acf":[],"_links":{"self":[{"href":"https:\/\/circulars.iclei.org\/es\/wp-json\/wp\/v2\/pages\/3195"}],"collection":[{"href":"https:\/\/circulars.iclei.org\/es\/wp-json\/wp\/v2\/pages"}],"about":[{"href":"https:\/\/circulars.iclei.org\/es\/wp-json\/wp\/v2\/types\/page"}],"author":[{"embeddable":true,"href":"https:\/\/circulars.iclei.org\/es\/wp-json\/wp\/v2\/users\/16"}],"replies":[{"embeddable":true,"href":"https:\/\/circulars.iclei.org\/es\/wp-json\/wp\/v2\/comments?post=3195"}],"version-history":[{"count":176,"href":"https:\/\/circulars.iclei.org\/es\/wp-json\/wp\/v2\/pages\/3195\/revisions"}],"predecessor-version":[{"id":5190,"href":"https:\/\/circulars.iclei.org\/es\/wp-json\/wp\/v2\/pages\/3195\/revisions\/5190"}],"up":[{"embeddable":true,"href":"https:\/\/circulars.iclei.org\/es\/wp-json\/wp\/v2\/pages\/1205"}],"wp:attachment":[{"href":"https:\/\/circulars.iclei.org\/es\/wp-json\/wp\/v2\/media?parent=3195"}],"curies":[{"name":"wp","href":"https:\/\/api.w.org\/{rel}","templated":true}]}}